{"id":3,"date":"2025-12-25T11:46:07","date_gmt":"2025-12-25T11:46:07","guid":{"rendered":"https:\/\/pinkpalacetv.com\/?page_id=3"},"modified":"2026-01-03T14:22:02","modified_gmt":"2026-01-03T14:22:02","slug":"privacy-policy","status":"publish","type":"page","link":"https:\/\/pinkpalacetv.com\/fr\/privacy-policy\/","title":{"rendered":"Politique de confidentialit\u00e9"},"content":{"rendered":"<h2 class=\"wp-block-heading\">Qui sommes-nous ?<\/h2>\n\n\n\n<p><strong class=\"privacy-policy-tutorial\">Texte propos\u00e9 : <\/strong>L'adresse de notre site web est la suivante : https:\/\/pinkpalacetv.com.<\/p>\n\n\n\n<h2 class=\"wp-block-heading\">Commentaires<\/h2>\n\n\n\n<p>Lorsque les visiteurs laissent des commentaires sur le site, nous recueillons les donn\u00e9es figurant dans le formulaire de commentaires, ainsi que l'adresse IP du visiteur et la cha\u00eene de l'agent utilisateur du navigateur afin de faciliter la d\u00e9tection des spams.<\/p>\n\n\n\n<p>Une cha\u00eene anonyme cr\u00e9\u00e9e \u00e0 partir de votre adresse \u00e9lectronique (\u00e9galement appel\u00e9e \"hash\") peut \u00eatre fournie au service Gravatar pour v\u00e9rifier si vous l'utilisez. La politique de confidentialit\u00e9 du service Gravatar est disponible ici : https:\/\/automattic.com\/privacy\/. Apr\u00e8s approbation de votre commentaire, votre photo de profil est visible par le public dans le contexte de votre commentaire.<\/p>\n\n\n\n<h2 class=\"wp-block-heading\">Les m\u00e9dias<\/h2>\n\n\n\n<p><strong class=\"privacy-policy-tutorial\">Texte propos\u00e9 : <\/strong>Si vous t\u00e9l\u00e9chargez des images sur le site web, vous devez \u00e9viter de t\u00e9l\u00e9charger des images contenant des donn\u00e9es de localisation int\u00e9gr\u00e9es (EXIF GPS). Les visiteurs du site web peuvent t\u00e9l\u00e9charger et extraire toutes les donn\u00e9es de localisation des images sur le site web.<\/p>\n\n\n\n<h2 class=\"wp-block-heading\">Cookies<\/h2>\n\n\n\n<p><strong class=\"privacy-policy-tutorial\">Texte propos\u00e9 : <\/strong>Si vous laissez un commentaire sur notre site, vous pouvez accepter que votre nom, votre adresse \u00e9lectronique et votre site web soient enregistr\u00e9s dans des cookies. Ces cookies sont destin\u00e9s \u00e0 vous faciliter la t\u00e2che, de sorte que vous n'ayez pas \u00e0 fournir \u00e0 nouveau vos coordonn\u00e9es lorsque vous laissez un autre commentaire. Ces cookies ont une dur\u00e9e de vie d'un an.<\/p>\n\n\n\n<p>Si vous visitez notre page de connexion, nous installerons un cookie temporaire pour d\u00e9terminer si votre navigateur accepte les cookies. Ce cookie ne contient aucune donn\u00e9e personnelle et est supprim\u00e9 lorsque vous fermez votre navigateur.<\/p>\n\n\n\n<p>Lorsque vous vous connectez, nous installons \u00e9galement plusieurs cookies pour enregistrer vos informations de connexion et vos choix d'affichage \u00e0 l'\u00e9cran. Les cookies de connexion ont une dur\u00e9e de vie de deux jours et les cookies d'options d'\u00e9cran ont une dur\u00e9e de vie d'un an. Si vous s\u00e9lectionnez l'option \u201cSe souvenir de moi\u201d, votre connexion sera conserv\u00e9e pendant deux semaines. Si vous vous d\u00e9connectez de votre compte, les cookies de connexion seront supprim\u00e9s.<\/p>\n\n\n\n<p>Si vous modifiez ou publiez un article, un cookie suppl\u00e9mentaire sera enregistr\u00e9 dans votre navigateur. Ce cookie ne contient aucune donn\u00e9e personnelle et indique simplement l'identifiant de l'article que vous venez de modifier. Il expire apr\u00e8s 1 jour.<\/p>\n\n\n\n<h2 class=\"wp-block-heading\">Contenu int\u00e9gr\u00e9 d'autres sites web<\/h2>\n\n\n\n<p><strong class=\"privacy-policy-tutorial\">Texte propos\u00e9 : <\/strong>Les articles de ce site peuvent contenir du contenu int\u00e9gr\u00e9 (par exemple des vid\u00e9os, des images, des articles, etc.). Le contenu int\u00e9gr\u00e9 provenant d'autres sites web se comporte exactement de la m\u00eame mani\u00e8re que si le visiteur avait visit\u00e9 l'autre site web.<\/p>\n\n\n\n<p>Ces sites web peuvent collecter des donn\u00e9es vous concernant, utiliser des cookies, int\u00e9grer un suivi suppl\u00e9mentaire par des tiers et surveiller votre interaction avec ce contenu int\u00e9gr\u00e9, y compris votre interaction avec le contenu int\u00e9gr\u00e9 si vous avez un compte et que vous \u00eates connect\u00e9 \u00e0 ce site web.<\/p>\n\n\n\n<h2 class=\"wp-block-heading\">Avec qui nous partageons vos donn\u00e9es<\/h2>\n\n\n\n<p><strong class=\"privacy-policy-tutorial\">Texte propos\u00e9 : <\/strong>Si vous demandez une r\u00e9initialisation de votre mot de passe, votre adresse IP sera incluse dans l'e-mail de r\u00e9initialisation.<\/p>\n\n\n\n<h2 class=\"wp-block-heading\">Dur\u00e9e de conservation des donn\u00e9es<\/h2>\n\n\n\n<p><strong class=\"privacy-policy-tutorial\">Texte propos\u00e9 : <\/strong>Si vous laissez un commentaire, celui-ci et ses m\u00e9tadonn\u00e9es sont conserv\u00e9s ind\u00e9finiment. Cela nous permet de reconna\u00eetre et d'approuver automatiquement les commentaires de suivi au lieu de les conserver dans une file d'attente de mod\u00e9ration.<\/p>\n\n\n\n<p>Pour les utilisateurs qui s'inscrivent sur notre site web (le cas \u00e9ch\u00e9ant), nous stockons \u00e9galement les informations personnelles qu'ils fournissent dans leur profil d'utilisateur. Tous les utilisateurs peuvent voir, modifier ou supprimer leurs informations personnelles \u00e0 tout moment (sauf qu'ils ne peuvent pas changer leur nom d'utilisateur). Les administrateurs du site web peuvent \u00e9galement consulter et modifier ces informations.<\/p>\n\n\n\n<h2 class=\"wp-block-heading\">Quels sont les droits dont vous disposez sur vos donn\u00e9es ?<\/h2>\n\n\n\n<p><strong class=\"privacy-policy-tutorial\">Texte propos\u00e9 : <\/strong>Si vous avez un compte sur ce site, ou si vous avez laiss\u00e9 des commentaires, vous pouvez demander \u00e0 recevoir un fichier export\u00e9 des donn\u00e9es personnelles que nous d\u00e9tenons \u00e0 votre sujet, y compris toutes les donn\u00e9es que vous nous avez fournies. Vous pouvez \u00e9galement nous demander d'effacer toutes les donn\u00e9es personnelles que nous d\u00e9tenons \u00e0 votre sujet. Cela n'inclut pas les donn\u00e9es que nous sommes oblig\u00e9s de conserver \u00e0 des fins administratives, juridiques ou de s\u00e9curit\u00e9.<\/p>\n\n\n\n<h2 class=\"wp-block-heading\">O\u00f9 vos donn\u00e9es sont-elles envoy\u00e9es ?<\/h2>\n\n\n\n<p>Nous nous engageons \u00e0 prot\u00e9ger la vie priv\u00e9e des utilisateurs de nos services.<\/p>\n\n\n\n<p>Cette politique s'applique lorsque nous agissons en tant que responsable du traitement des donn\u00e9es \u00e0 caract\u00e8re personnel de nos utilisateurs de services ; en d'autres termes, lorsque nous d\u00e9terminons les finalit\u00e9s et les moyens du traitement des donn\u00e9es \u00e0 caract\u00e8re personnel.<\/p>\n\n\n\n<p>En utilisant notre service, vous consentez \u00e0 la transmission de donn\u00e9es \u00e0 caract\u00e8re personnel comme sp\u00e9cifi\u00e9 dans la pr\u00e9sente politique.<\/p>\n\n\n\n<hr class=\"wp-block-separator has-alpha-channel-opacity\"\/>\n\n\n\n<h2 class=\"wp-block-heading\">Comment nous utilisons vos donn\u00e9es personnelles<\/h2>\n\n\n\n<h3 class=\"wp-block-heading\">Donn\u00e9es du profil<\/h3>\n\n\n\n<p>Nous pouvons traiter les informations figurant dans votre profil personnel sur notre service (\u201cdonn\u00e9es de profil\u201d). Ces donn\u00e9es peuvent inclure votre nom, votre \u00e2ge, votre adresse \u00e9lectronique, votre photo de profil et d'autres informations que vous nous autorisez \u00e0 collecter. Pour l'authentification et la cr\u00e9ation de compte, nous pouvons utiliser des services externes tels que Google Login ou Facebook Login, demandant l'acc\u00e8s \u00e0 des donn\u00e9es sp\u00e9cifiques telles que votre nom, votre adresse \u00e9lectronique et votre photo de profil afin de simplifier l'enregistrement.<\/p>\n\n\n\n<p>Nous n'acc\u00e9dons pas \u00e0 ces plateformes et ne collectons pas d'autres donn\u00e9es personnelles que celles d\u00e9crites dans la pr\u00e9sente politique. Les donn\u00e9es de profil sont trait\u00e9es pour permettre et contr\u00f4ler votre utilisation de notre service.<\/p>\n\n\n\n<h3 class=\"wp-block-heading\">Donn\u00e9es d'utilisation<\/h3>\n\n\n\n<p>Nous pouvons traiter des donn\u00e9es relatives \u00e0 votre utilisation de notre service (\u201cdonn\u00e9es d'utilisation\u201d). Les donn\u00e9es d'utilisation peuvent inclure votre adresse IP, votre localisation g\u00e9ographique (limit\u00e9e au pays et \u00e0 l'\u00c9tat), le type et la version du navigateur, le syst\u00e8me d'exploitation, la source de r\u00e9f\u00e9rence, la dur\u00e9e de la visite, les pages vues et les chemins de navigation. Ces donn\u00e9es sont collect\u00e9es via notre syst\u00e8me de suivi analytique afin d'analyser les sch\u00e9mas d'utilisation et d'am\u00e9liorer notre service.<\/p>\n\n\n\n<p>La base juridique de ce traitement est votre consentement (tel que manifest\u00e9 par votre utilisation de notre service) et nos int\u00e9r\u00eats l\u00e9gitimes \u00e0 am\u00e9liorer notre service.<\/p>\n\n\n\n<h3 class=\"wp-block-heading\">Donn\u00e9es de l'enqu\u00eate<\/h3>\n\n\n\n<p>Nous pouvons traiter les donn\u00e9es contenues dans les demandes que vous nous soumettez concernant nos services (\u201cdonn\u00e9es de demande\u201d). Ces donn\u00e9es sont trait\u00e9es pour r\u00e9pondre \u00e0 vos demandes et promouvoir des offres pertinentes.<\/p>\n\n\n\n<h3 class=\"wp-block-heading\">Donn\u00e9es de communication et de correspondance<\/h3>\n\n\n\n<p>Nous pouvons traiter des informations provenant de communications envoy\u00e9es par l'interm\u00e9diaire de notre service (\u201cdonn\u00e9es de correspondance\u201d). Il peut s'agir du contenu des messages, de m\u00e9tadonn\u00e9es et d'informations connexes. Les donn\u00e9es sont trait\u00e9es afin de faciliter la communication et d'assurer une bonne tenue des dossiers en vue de l'am\u00e9lioration du service.<\/p>\n\n\n\n<h3 class=\"wp-block-heading\">Donn\u00e9es de transaction<\/h3>\n\n\n\n<p>Nous pouvons traiter des donn\u00e9es relatives aux achats ou aux transactions effectu\u00e9s par l'interm\u00e9diaire de notre service (\u201cdonn\u00e9es de transaction\u201d). Ces donn\u00e9es peuvent inclure vos coordonn\u00e9es, vos informations de paiement et les d\u00e9tails de la transaction. L'objectif est de fournir les services achet\u00e9s et de tenir des registres financiers appropri\u00e9s.<\/p>\n\n\n\n<h3 class=\"wp-block-heading\">Donn\u00e9es du client<\/h3>\n\n\n\n<p>Nous pouvons collecter des informations sur votre appareil, votre navigateur et votre syst\u00e8me d'exploitation (\u201cdonn\u00e9es client\u201d) afin d'am\u00e9liorer l'exp\u00e9rience de l'utilisateur et la gestion du service. Il s'agit de donn\u00e9es telles que le fabricant de l'appareil, la version du navigateur et l'adresse IP.<\/p>\n\n\n\n<h3 class=\"wp-block-heading\">Donn\u00e9es relatives aux messages et aux communications<\/h3>\n\n\n\n<p>Nous pouvons traiter des informations sur les messages texte ou les communications vid\u00e9o envoy\u00e9s par l'interm\u00e9diaire de notre plateforme (\u201cdonn\u00e9es de message\u201d et \u201cdonn\u00e9es de communication\u201d). Ces donn\u00e9es sont utilis\u00e9es pour faciliter la communication, contr\u00f4ler les performances du service et traiter les plaintes ou les comportements inappropri\u00e9s.<\/p>\n\n\n\n<h3 class=\"wp-block-heading\">Donn\u00e9es sur les interdictions et les plaintes<\/h3>\n\n\n\n<p>Nous pouvons traiter les informations relatives aux interdictions ou aux plaintes (\u201cdonn\u00e9es d'interdiction\u201d et \u201cdonn\u00e9es de plainte\u201d) afin de faire respecter nos conditions de service. Les donn\u00e9es d'interdiction peuvent inclure des images de trames vid\u00e9o signal\u00e9es par les utilisateurs ou signal\u00e9es par notre syst\u00e8me pour comportement inappropri\u00e9.<\/p>\n\n\n\n<h3 class=\"wp-block-heading\">Donn\u00e9es du journal<\/h3>\n\n\n\n<p>Comme la plupart des plateformes, nous traitons les donn\u00e9es de connexion collect\u00e9es par votre navigateur lors de vos visites sur notre site. Ces donn\u00e9es comprennent les adresses IP, le type et la version du navigateur, les pages visit\u00e9es et le temps pass\u00e9 sur notre site. Ces donn\u00e9es n'incluent pas d'informations personnellement identifiables.<\/p>\n\n\n\n<hr class=\"wp-block-separator has-alpha-channel-opacity\"\/>\n\n\n\n<h2 class=\"wp-block-heading\">Fournir vos donn\u00e9es personnelles \u00e0 d'autres personnes<\/h2>\n\n\n\n<ul class=\"wp-block-list\">\n<li><strong>Processeurs de paiement<\/strong>: Nous pouvons partager des donn\u00e9es de transaction avec des processeurs de paiement (par exemple, PayPal, Stripe et Google Pay) pour le traitement des paiements et la gestion des litiges.<\/li>\n\n\n\n<li><strong>Services de tiers<\/strong>: Des int\u00e9grations externes, telles que Google Analytics, peuvent collecter des donn\u00e9es pour analyser le comportement des utilisateurs et am\u00e9liorer nos services. Pour plus de d\u00e9tails, consultez leurs politiques de confidentialit\u00e9 respectives.<\/li>\n<\/ul>\n\n\n\n<hr class=\"wp-block-separator has-alpha-channel-opacity\"\/>\n\n\n\n<h2 class=\"wp-block-heading\">Transferts internationaux de vos donn\u00e9es<\/h2>\n\n\n\n<p>Nos installations d'h\u00e9bergement sont situ\u00e9es aux \u00c9tats-Unis et en Europe. Les utilisateurs situ\u00e9s en dehors de ces r\u00e9gions doivent savoir que leurs donn\u00e9es peuvent \u00eatre trait\u00e9es dans des pays ayant des l\u00e9gislations diff\u00e9rentes en mati\u00e8re de protection de la vie priv\u00e9e. En utilisant nos services, vous acceptez ces transferts de donn\u00e9es.<\/p>\n\n\n\n<hr class=\"wp-block-separator has-alpha-channel-opacity\"\/>\n\n\n\n<h2 class=\"wp-block-heading\">Conservation et suppression des donn\u00e9es \u00e0 caract\u00e8re personnel<\/h2>\n\n\n\n<p>Nous ne conservons les donn\u00e9es \u00e0 caract\u00e8re personnel qu'aussi longtemps que n\u00e9cessaire aux fins sp\u00e9cifi\u00e9es dans la pr\u00e9sente politique. Par exemple :<\/p>\n\n\n\n<ul class=\"wp-block-list\">\n<li><strong>Donn\u00e9es du profil<\/strong>: Conserv\u00e9 tant que votre compte est actif.<\/li>\n\n\n\n<li><strong>Donn\u00e9es du message<\/strong>: Ne sont pas stock\u00e9s au-del\u00e0 de la transmission, sauf s'ils sont signal\u00e9s pour examen (par exemple, dans le cas d'interdictions).<\/li>\n\n\n\n<li><strong>Donn\u00e9es sur les interdictions<\/strong>: Conserv\u00e9 pour la dur\u00e9e de la p\u00e9riode d'interdiction.<\/li>\n<\/ul>\n\n\n\n<p>Vous pouvez demander la suppression de vos donn\u00e9es en nous contactant, sauf si leur conservation est requise par la loi.<\/p>\n\n\n\n<hr class=\"wp-block-separator has-alpha-channel-opacity\"\/>\n\n\n\n<h2 class=\"wp-block-heading\">Prot\u00e9ger vos donn\u00e9es personnelles<\/h2>\n\n\n\n<p>Nous mettons en \u0153uvre des mesures de s\u00e9curit\u00e9 conformes aux normes de l'industrie pour prot\u00e9ger les donn\u00e9es des utilisateurs, notamment :<\/p>\n\n\n\n<ul class=\"wp-block-list\">\n<li>Transmission s\u00e9curis\u00e9e des donn\u00e9es via SSL.<\/li>\n\n\n\n<li>Des environnements d'h\u00e9bergement s\u00e9curis\u00e9s.<\/li>\n\n\n\n<li>Restrictions d'acc\u00e8s pour le personnel autoris\u00e9 uniquement.<\/li>\n<\/ul>\n\n\n\n<p>Cependant, aucun syst\u00e8me n'est 100% s\u00fbr. Les utilisateurs transmettent des donn\u00e9es \u00e0 leurs propres risques. Si vous pensez que vos donn\u00e9es ont \u00e9t\u00e9 compromises, contactez-nous imm\u00e9diatement.<\/p>\n\n\n\n<hr class=\"wp-block-separator has-alpha-channel-opacity\"\/>\n\n\n\n<h2 class=\"wp-block-heading\">Cookies<\/h2>\n\n\n\n<p>Nous utilisons des cookies pour am\u00e9liorer l'exp\u00e9rience de l'utilisateur et suivre l'utilisation du site. Les cookies sont de petits fichiers stock\u00e9s sur votre appareil, utilis\u00e9s \u00e0 des fins d'authentification et d'analyse.<\/p>\n\n\n\n<p>Vous pouvez g\u00e9rer ou bloquer les cookies par le biais des param\u00e8tres de votre navigateur. Notez que la d\u00e9sactivation des cookies peut affecter la fonctionnalit\u00e9 de notre service.<\/p>\n\n\n\n<hr class=\"wp-block-separator has-alpha-channel-opacity\"\/>\n\n\n\n<h2 class=\"wp-block-heading\">Vos droits<\/h2>\n\n\n\n<p>En fonction de votre lieu de r\u00e9sidence, vous pouvez avoir les droits suivants concernant vos donn\u00e9es :<\/p>\n\n\n\n<ul class=\"wp-block-list\">\n<li>Demander l'acc\u00e8s, la correction ou la suppression de vos donn\u00e9es.<\/li>\n\n\n\n<li>S'opposer au traitement des donn\u00e9es ou le restreindre.<\/li>\n\n\n\n<li>Retirer son consentement \u00e0 tout moment.<\/li>\n<\/ul>\n\n\n\n<p>Pour exercer vos droits, veuillez nous contacter \u00e0 l'adresse suivante\u00a0<a href=\"mailto:support@livu.one\"><strong>soutien@<\/strong><\/a><strong><a href=\"mailto:support@pinkpalacetv.com\">pinkpalacetv.com<\/a><\/strong>.<\/p>\n\n\n\n<hr class=\"wp-block-separator has-alpha-channel-opacity\"\/>\n\n\n\n<h2 class=\"wp-block-heading\">Vie priv\u00e9e des enfants<\/h2>\n\n\n\n<p>PinkPalacetv.com n'est pas destin\u00e9 aux personnes de moins de 18 ans. Nous ne collectons pas sciemment des donn\u00e9es concernant des enfants. Si nous apprenons que des donn\u00e9es concernant un mineur ont \u00e9t\u00e9 collect\u00e9es, nous prendrons des mesures pour les supprimer imm\u00e9diatement.<\/p>\n\n\n\n<hr class=\"wp-block-separator has-alpha-channel-opacity\"\/>\n\n\n\n<h2 class=\"wp-block-heading\">Amendements<\/h2>\n\n\n\n<p>Cette politique peut \u00eatre mise \u00e0 jour de temps \u00e0 autre. Veuillez consulter r\u00e9guli\u00e8rement cette page pour rester inform\u00e9 de la mani\u00e8re dont nous prot\u00e9geons vos donn\u00e9es.<\/p>\n\n\n\n<hr class=\"wp-block-separator has-alpha-channel-opacity\"\/>\n\n\n\n<h2 class=\"wp-block-heading\">Nous contacter<\/h2>\n\n\n\n<p>Pour toute question ou pr\u00e9occupation concernant cette politique, veuillez nous contacter \u00e0 l'adresse suivante\u00a0<a href=\"mailto:support@camzey.me\"><strong>support@PinkPalacetv.com<\/strong><\/a>.<\/p>\n\n\n\n<p><\/p>","protected":false},"excerpt":{"rendered":"<p>Who we are Suggested text: Our website address is: https:\/\/pinkpalacetv.com. Comments When visitors leave comments on the site we collect the data shown in the comments form, and also the visitor\u2019s IP address and browser user agent string to help spam detection. An anonymized string created from your email address (also called a hash) may [&hellip;]<\/p>\n","protected":false},"author":2,"featured_media":0,"parent":0,"menu_order":0,"comment_status":"closed","ping_status":"open","template":"page-no-sidebar.php","meta":{"_acf_changed":false,"footnotes":""},"class_list":["post-3","page","type-page","status-publish","hentry"],"acf":[],"yoast_head":"<!-- This site is optimized with the Yoast SEO plugin v27.2 - https:\/\/yoast.com\/product\/yoast-seo-wordpress\/ -->\n<title>Privacy Policy - Pink Palace TV<\/title>\n<meta name=\"robots\" content=\"index, follow, max-snippet:-1, max-image-preview:large, max-video-preview:-1\" \/>\n<link rel=\"canonical\" href=\"https:\/\/pinkpalacetv.com\/fr\/privacy-policy\/\" \/>\n<meta property=\"og:locale\" content=\"fr_FR\" \/>\n<meta property=\"og:type\" content=\"article\" \/>\n<meta property=\"og:title\" content=\"Privacy Policy - Pink Palace TV\" \/>\n<meta property=\"og:description\" content=\"Who we are Suggested text: Our website address is: https:\/\/pinkpalacetv.com. Comments When visitors leave comments on the site we collect the data shown in the comments form, and also the visitor\u2019s IP address and browser user agent string to help spam detection. An anonymized string created from your email address (also called a hash) may [&hellip;]\" \/>\n<meta property=\"og:url\" content=\"https:\/\/pinkpalacetv.com\/fr\/privacy-policy\/\" \/>\n<meta property=\"og:site_name\" content=\"Pink Palace TV\" \/>\n<meta property=\"article:modified_time\" content=\"2026-01-03T14:22:02+00:00\" \/>\n<meta name=\"twitter:card\" content=\"summary_large_image\" \/>\n<meta name=\"twitter:label1\" content=\"Dur\u00e9e de lecture estim\u00e9e\" \/>\n\t<meta name=\"twitter:data1\" content=\"7 minutes\" \/>\n<script type=\"application\/ld+json\" class=\"yoast-schema-graph\">{\"@context\":\"https:\/\/schema.org\",\"@graph\":[{\"@type\":\"WebPage\",\"@id\":\"https:\/\/pinkpalacetv.com\/privacy-policy\/\",\"url\":\"https:\/\/pinkpalacetv.com\/privacy-policy\/\",\"name\":\"Privacy Policy - Pink Palace TV\",\"isPartOf\":{\"@id\":\"https:\/\/pinkpalacetv.com\/#website\"},\"datePublished\":\"2025-12-25T11:46:07+00:00\",\"dateModified\":\"2026-01-03T14:22:02+00:00\",\"breadcrumb\":{\"@id\":\"https:\/\/pinkpalacetv.com\/privacy-policy\/#breadcrumb\"},\"inLanguage\":\"fr-FR\",\"potentialAction\":[{\"@type\":\"ReadAction\",\"target\":[\"https:\/\/pinkpalacetv.com\/privacy-policy\/\"]}]},{\"@type\":\"BreadcrumbList\",\"@id\":\"https:\/\/pinkpalacetv.com\/privacy-policy\/#breadcrumb\",\"itemListElement\":[{\"@type\":\"ListItem\",\"position\":1,\"name\":\"Home\",\"item\":\"https:\/\/pinkpalacetv.com\/\"},{\"@type\":\"ListItem\",\"position\":2,\"name\":\"Privacy Policy\"}]},{\"@type\":\"WebSite\",\"@id\":\"https:\/\/pinkpalacetv.com\/#website\",\"url\":\"https:\/\/pinkpalacetv.com\/\",\"name\":\"Livu\",\"description\":\"\",\"publisher\":{\"@id\":\"https:\/\/pinkpalacetv.com\/#\/schema\/person\/84cb5ff958a2feff4e9bcd58884c9c25\"},\"potentialAction\":[{\"@type\":\"SearchAction\",\"target\":{\"@type\":\"EntryPoint\",\"urlTemplate\":\"https:\/\/pinkpalacetv.com\/?s={search_term_string}\"},\"query-input\":{\"@type\":\"PropertyValueSpecification\",\"valueRequired\":true,\"valueName\":\"search_term_string\"}}],\"inLanguage\":\"fr-FR\"},{\"@type\":[\"Person\",\"Organization\"],\"@id\":\"https:\/\/pinkpalacetv.com\/#\/schema\/person\/84cb5ff958a2feff4e9bcd58884c9c25\",\"name\":\"hanni\",\"image\":{\"@type\":\"ImageObject\",\"inLanguage\":\"fr-FR\",\"@id\":\"https:\/\/secure.gravatar.com\/avatar\/027f08cf21823cc711afc6aa77e9d99a57b91360ee3fd03722ecf1b054905a10?s=96&d=mm&r=g\",\"url\":\"https:\/\/secure.gravatar.com\/avatar\/027f08cf21823cc711afc6aa77e9d99a57b91360ee3fd03722ecf1b054905a10?s=96&d=mm&r=g\",\"contentUrl\":\"https:\/\/secure.gravatar.com\/avatar\/027f08cf21823cc711afc6aa77e9d99a57b91360ee3fd03722ecf1b054905a10?s=96&d=mm&r=g\",\"caption\":\"hanni\"},\"logo\":{\"@id\":\"https:\/\/secure.gravatar.com\/avatar\/027f08cf21823cc711afc6aa77e9d99a57b91360ee3fd03722ecf1b054905a10?s=96&d=mm&r=g\"}}]}<\/script>\n<!-- \/ Yoast SEO plugin. -->","yoast_head_json":{"title":"Politique de confidentialit\u00e9 - Pink Palace TV","robots":{"index":"index","follow":"follow","max-snippet":"max-snippet:-1","max-image-preview":"max-image-preview:large","max-video-preview":"max-video-preview:-1"},"canonical":"https:\/\/pinkpalacetv.com\/fr\/privacy-policy\/","og_locale":"fr_FR","og_type":"article","og_title":"Privacy Policy - Pink Palace TV","og_description":"Who we are Suggested text: Our website address is: https:\/\/pinkpalacetv.com. Comments When visitors leave comments on the site we collect the data shown in the comments form, and also the visitor\u2019s IP address and browser user agent string to help spam detection. An anonymized string created from your email address (also called a hash) may [&hellip;]","og_url":"https:\/\/pinkpalacetv.com\/fr\/privacy-policy\/","og_site_name":"Pink Palace TV","article_modified_time":"2026-01-03T14:22:02+00:00","twitter_card":"summary_large_image","twitter_misc":{"Dur\u00e9e de lecture estim\u00e9e":"7 minutes"},"schema":{"@context":"https:\/\/schema.org","@graph":[{"@type":"WebPage","@id":"https:\/\/pinkpalacetv.com\/privacy-policy\/","url":"https:\/\/pinkpalacetv.com\/privacy-policy\/","name":"Politique de confidentialit\u00e9 - Pink Palace TV","isPartOf":{"@id":"https:\/\/pinkpalacetv.com\/#website"},"datePublished":"2025-12-25T11:46:07+00:00","dateModified":"2026-01-03T14:22:02+00:00","breadcrumb":{"@id":"https:\/\/pinkpalacetv.com\/privacy-policy\/#breadcrumb"},"inLanguage":"fr-FR","potentialAction":[{"@type":"ReadAction","target":["https:\/\/pinkpalacetv.com\/privacy-policy\/"]}]},{"@type":"BreadcrumbList","@id":"https:\/\/pinkpalacetv.com\/privacy-policy\/#breadcrumb","itemListElement":[{"@type":"ListItem","position":1,"name":"Home","item":"https:\/\/pinkpalacetv.com\/"},{"@type":"ListItem","position":2,"name":"Privacy Policy"}]},{"@type":"WebSite","@id":"https:\/\/pinkpalacetv.com\/#website","url":"https:\/\/pinkpalacetv.com\/","name":"Livu","description":"","publisher":{"@id":"https:\/\/pinkpalacetv.com\/#\/schema\/person\/84cb5ff958a2feff4e9bcd58884c9c25"},"potentialAction":[{"@type":"SearchAction","target":{"@type":"EntryPoint","urlTemplate":"https:\/\/pinkpalacetv.com\/?s={search_term_string}"},"query-input":{"@type":"PropertyValueSpecification","valueRequired":true,"valueName":"search_term_string"}}],"inLanguage":"fr-FR"},{"@type":["Person","Organization"],"@id":"https:\/\/pinkpalacetv.com\/#\/schema\/person\/84cb5ff958a2feff4e9bcd58884c9c25","name":"hanni","image":{"@type":"ImageObject","inLanguage":"fr-FR","@id":"https:\/\/secure.gravatar.com\/avatar\/027f08cf21823cc711afc6aa77e9d99a57b91360ee3fd03722ecf1b054905a10?s=96&d=mm&r=g","url":"https:\/\/secure.gravatar.com\/avatar\/027f08cf21823cc711afc6aa77e9d99a57b91360ee3fd03722ecf1b054905a10?s=96&d=mm&r=g","contentUrl":"https:\/\/secure.gravatar.com\/avatar\/027f08cf21823cc711afc6aa77e9d99a57b91360ee3fd03722ecf1b054905a10?s=96&d=mm&r=g","caption":"hanni"},"logo":{"@id":"https:\/\/secure.gravatar.com\/avatar\/027f08cf21823cc711afc6aa77e9d99a57b91360ee3fd03722ecf1b054905a10?s=96&d=mm&r=g"}}]}},"_links":{"self":[{"href":"https:\/\/pinkpalacetv.com\/fr\/wp-json\/wp\/v2\/pages\/3","targetHints":{"allow":["GET"]}}],"collection":[{"href":"https:\/\/pinkpalacetv.com\/fr\/wp-json\/wp\/v2\/pages"}],"about":[{"href":"https:\/\/pinkpalacetv.com\/fr\/wp-json\/wp\/v2\/types\/page"}],"author":[{"embeddable":true,"href":"https:\/\/pinkpalacetv.com\/fr\/wp-json\/wp\/v2\/users\/2"}],"replies":[{"embeddable":true,"href":"https:\/\/pinkpalacetv.com\/fr\/wp-json\/wp\/v2\/comments?post=3"}],"version-history":[{"count":2,"href":"https:\/\/pinkpalacetv.com\/fr\/wp-json\/wp\/v2\/pages\/3\/revisions"}],"predecessor-version":[{"id":145,"href":"https:\/\/pinkpalacetv.com\/fr\/wp-json\/wp\/v2\/pages\/3\/revisions\/145"}],"wp:attachment":[{"href":"https:\/\/pinkpalacetv.com\/fr\/wp-json\/wp\/v2\/media?parent=3"}],"curies":[{"name":"wp","href":"https:\/\/api.w.org\/{rel}","templated":true}]}}