{"id":3,"date":"2025-12-25T11:46:07","date_gmt":"2025-12-25T11:46:07","guid":{"rendered":"https:\/\/pinkpalacetv.com\/?page_id=3"},"modified":"2026-01-03T14:22:02","modified_gmt":"2026-01-03T14:22:02","slug":"privacy-policy","status":"publish","type":"page","link":"https:\/\/pinkpalacetv.com\/es\/privacy-policy\/","title":{"rendered":"Pol\u00edtica de privacidad"},"content":{"rendered":"<h2 class=\"wp-block-heading\">Qui\u00e9nes somos<\/h2>\n\n\n\n<p><strong class=\"privacy-policy-tutorial\">Texto sugerido: <\/strong>La direcci\u00f3n de nuestro sitio web es: https:\/\/pinkpalacetv.com.<\/p>\n\n\n\n<h2 class=\"wp-block-heading\">Comentarios<\/h2>\n\n\n\n<p>Cuando los visitantes dejan comentarios en el sitio, recopilamos los datos que aparecen en el formulario de comentarios, as\u00ed como la direcci\u00f3n IP del visitante y la cadena de agentes de usuario del navegador para ayudar a la detecci\u00f3n de spam.<\/p>\n\n\n\n<p>Una cadena anonimizada creada a partir de su direcci\u00f3n de correo electr\u00f3nico (tambi\u00e9n llamada hash) puede ser proporcionada al servicio Gravatar para saber si usted la est\u00e1 utilizando. La pol\u00edtica de privacidad del servicio Gravatar est\u00e1 disponible aqu\u00ed: https:\/\/automattic.com\/privacy\/. Tras la aprobaci\u00f3n de tu comentario, tu foto de perfil ser\u00e1 visible al p\u00fablico en el contexto de tu comentario.<\/p>\n\n\n\n<h2 class=\"wp-block-heading\">Medios de comunicaci\u00f3n<\/h2>\n\n\n\n<p><strong class=\"privacy-policy-tutorial\">Texto sugerido: <\/strong>Si subes im\u00e1genes al sitio web, debes evitar subir im\u00e1genes con datos de localizaci\u00f3n incrustados (EXIF GPS) incluidos. Los visitantes del sitio web pueden descargar y extraer cualquier dato de localizaci\u00f3n de las im\u00e1genes del sitio web.<\/p>\n\n\n\n<h2 class=\"wp-block-heading\">Cookies<\/h2>\n\n\n\n<p><strong class=\"privacy-policy-tutorial\">Texto sugerido: <\/strong>Si deja un comentario en nuestro sitio, puede optar por guardar su nombre, direcci\u00f3n de correo electr\u00f3nico y sitio web en cookies. Esto es para su comodidad, para que no tenga que volver a rellenar sus datos cuando deje otro comentario. Estas cookies durar\u00e1n un a\u00f1o.<\/p>\n\n\n\n<p>Si visita nuestra p\u00e1gina de inicio de sesi\u00f3n, instalaremos una cookie temporal para determinar si su navegador acepta cookies. Esta cookie no contiene datos personales y se desecha al cerrar el navegador.<\/p>\n\n\n\n<p>Cuando inicie sesi\u00f3n, tambi\u00e9n instalaremos varias cookies para guardar su informaci\u00f3n de inicio de sesi\u00f3n y sus opciones de visualizaci\u00f3n en pantalla. Las cookies de inicio de sesi\u00f3n duran dos d\u00edas, y las de opciones de pantalla, un a\u00f1o. Si selecciona \u201cRecordarme\u201d, sus datos de acceso permanecer\u00e1n durante dos semanas. Si cierra la sesi\u00f3n de su cuenta, se eliminar\u00e1n las cookies de inicio de sesi\u00f3n.<\/p>\n\n\n\n<p>Si edita o publica un art\u00edculo, se guardar\u00e1 una cookie adicional en su navegador. Esta cookie no incluye datos personales y simplemente indica el ID de publicaci\u00f3n del art\u00edculo que acaba de editar. Caduca al cabo de 1 d\u00eda.<\/p>\n\n\n\n<h2 class=\"wp-block-heading\">Contenido incrustado de otros sitios web<\/h2>\n\n\n\n<p><strong class=\"privacy-policy-tutorial\">Texto sugerido: <\/strong>Los art\u00edculos de este sitio pueden incluir contenido incrustado (por ejemplo, v\u00eddeos, im\u00e1genes, art\u00edculos, etc.). El contenido incrustado de otros sitios web se comporta exactamente igual que si el visitante hubiera visitado el otro sitio web.<\/p>\n\n\n\n<p>Estos sitios web pueden recopilar datos sobre usted, utilizar cookies, incrustar seguimiento adicional de terceros y supervisar su interacci\u00f3n con ese contenido incrustado, incluido el seguimiento de su interacci\u00f3n con el contenido incrustado si tiene una cuenta y ha iniciado sesi\u00f3n en ese sitio web.<\/p>\n\n\n\n<h2 class=\"wp-block-heading\">Con qui\u00e9n compartimos sus datos<\/h2>\n\n\n\n<p><strong class=\"privacy-policy-tutorial\">Texto sugerido: <\/strong>Si solicita un restablecimiento de contrase\u00f1a, su direcci\u00f3n IP se incluir\u00e1 en el correo electr\u00f3nico de restablecimiento.<\/p>\n\n\n\n<h2 class=\"wp-block-heading\">Cu\u00e1nto tiempo conservamos sus datos<\/h2>\n\n\n\n<p><strong class=\"privacy-policy-tutorial\">Texto sugerido: <\/strong>Si deja un comentario, el comentario y sus metadatos se conservan indefinidamente. As\u00ed podemos reconocer y aprobar autom\u00e1ticamente cualquier comentario posterior en lugar de retenerlo en una cola de moderaci\u00f3n.<\/p>\n\n\n\n<p>En el caso de los usuarios que se registran en nuestro sitio web (si los hay), tambi\u00e9n almacenamos la informaci\u00f3n personal que proporcionan en su perfil de usuario. Todos los usuarios pueden ver, editar o borrar su informaci\u00f3n personal en cualquier momento (excepto que no pueden cambiar su nombre de usuario). Los administradores del sitio web tambi\u00e9n pueden ver y editar esa informaci\u00f3n.<\/p>\n\n\n\n<h2 class=\"wp-block-heading\">Qu\u00e9 derechos tiene sobre sus datos<\/h2>\n\n\n\n<p><strong class=\"privacy-policy-tutorial\">Texto sugerido: <\/strong>Si tiene una cuenta en este sitio o ha dejado comentarios, puede solicitar que le enviemos un archivo exportado de los datos personales que tenemos sobre usted, incluidos los que nos haya facilitado. Tambi\u00e9n puede solicitar que borremos cualquier dato personal que tengamos sobre usted. Esto no incluye los datos que estemos obligados a conservar por motivos administrativos, legales o de seguridad.<\/p>\n\n\n\n<h2 class=\"wp-block-heading\">D\u00f3nde se env\u00edan sus datos<\/h2>\n\n\n\n<p>Nos comprometemos a salvaguardar la intimidad de los usuarios de nuestros servicios.<\/p>\n\n\n\n<p>Esta pol\u00edtica se aplica cuando actuamos como responsables del tratamiento de los datos personales de los usuarios de nuestros servicios; en otras palabras, cuando determinamos los fines y los medios del tratamiento de los datos personales.<\/p>\n\n\n\n<p>Al utilizar nuestro servicio, usted consiente la transmisi\u00f3n de datos personales seg\u00fan lo especificado en esta pol\u00edtica.<\/p>\n\n\n\n<hr class=\"wp-block-separator has-alpha-channel-opacity\"\/>\n\n\n\n<h2 class=\"wp-block-heading\">C\u00f3mo utilizamos sus datos personales<\/h2>\n\n\n\n<h3 class=\"wp-block-heading\">Datos del perfil<\/h3>\n\n\n\n<p>Podemos procesar la informaci\u00f3n incluida en su perfil personal en nuestro servicio (\u201cdatos de perfil\u201d). Estos datos pueden incluir su nombre, edad, direcci\u00f3n de correo electr\u00f3nico, foto de perfil y otra informaci\u00f3n que usted nos autorice a recopilar. Para la autenticaci\u00f3n y creaci\u00f3n de cuentas, podemos utilizar servicios externos como Google Login o Facebook Login, que solicitan acceso a datos espec\u00edficos como su nombre, correo electr\u00f3nico y foto de perfil para agilizar el registro.<\/p>\n\n\n\n<p>No accedemos ni recopilamos datos personales adicionales de estas plataformas m\u00e1s all\u00e1 de lo indicado en esta pol\u00edtica. Los datos de perfil se procesan para permitir y supervisar su uso de nuestro servicio.<\/p>\n\n\n\n<h3 class=\"wp-block-heading\">Datos de uso<\/h3>\n\n\n\n<p>Podemos procesar datos sobre su uso de nuestro servicio (\u201cdatos de uso\u201d). Los datos de uso pueden incluir su direcci\u00f3n IP, ubicaci\u00f3n geogr\u00e1fica (limitada a pa\u00eds y estado), tipo y versi\u00f3n de navegador, sistema operativo, fuente de referencia, duraci\u00f3n de la visita, p\u00e1ginas vistas y rutas de navegaci\u00f3n. Estos datos se recogen a trav\u00e9s de nuestro sistema de seguimiento anal\u00edtico para analizar los patrones de uso y mejorar nuestro servicio.<\/p>\n\n\n\n<p>La base jur\u00eddica de este tratamiento es su consentimiento (manifestado por su uso de nuestro servicio) y nuestros intereses leg\u00edtimos en mejorar nuestro servicio.<\/p>\n\n\n\n<h3 class=\"wp-block-heading\">Datos de la consulta<\/h3>\n\n\n\n<p>Podemos procesar los datos contenidos en cualquier consulta que nos env\u00ede en relaci\u00f3n con nuestros servicios (\u201cdatos de consulta\u201d). Estos datos se procesan para responder a sus consultas y promover ofertas relevantes.<\/p>\n\n\n\n<h3 class=\"wp-block-heading\">Datos de comunicaci\u00f3n y correspondencia<\/h3>\n\n\n\n<p>Podemos procesar informaci\u00f3n de comunicaciones enviadas a trav\u00e9s de nuestro servicio (\u201cdatos de correspondencia\u201d). Esto puede incluir el contenido del mensaje, metadatos e informaci\u00f3n relacionada. Los datos se procesan para facilitar la comunicaci\u00f3n y garantizar un registro adecuado para la mejora del servicio.<\/p>\n\n\n\n<h3 class=\"wp-block-heading\">Datos de la transacci\u00f3n<\/h3>\n\n\n\n<p>Podemos procesar datos relacionados con compras o transacciones realizadas a trav\u00e9s de nuestro servicio (\u201cdatos de la transacci\u00f3n\u201d). Estos datos pueden incluir sus datos de contacto, informaci\u00f3n de pago y detalles de la transacci\u00f3n. La finalidad es prestar los servicios adquiridos y mantener los registros financieros adecuados.<\/p>\n\n\n\n<h3 class=\"wp-block-heading\">Datos del cliente<\/h3>\n\n\n\n<p>Podemos recopilar informaci\u00f3n sobre su dispositivo, navegador y sistema operativo (\u201cdatos del cliente\u201d) para mejorar la experiencia del usuario y la administraci\u00f3n del servicio. Esto incluye datos como el fabricante del dispositivo, la versi\u00f3n del navegador y la direcci\u00f3n IP.<\/p>\n\n\n\n<h3 class=\"wp-block-heading\">Datos de mensajes y comunicaciones<\/h3>\n\n\n\n<p>Podemos procesar informaci\u00f3n sobre mensajes de texto o comunicaciones de v\u00eddeo enviados a trav\u00e9s de nuestra plataforma (\u201cdatos de mensajes\u201d y \u201cdatos de comunicaci\u00f3n\u201d). Estos datos se utilizan para facilitar la comunicaci\u00f3n, supervisar el rendimiento del servicio y atender quejas o comportamientos inadecuados.<\/p>\n\n\n\n<h3 class=\"wp-block-heading\">Datos sobre prohibiciones y denuncias<\/h3>\n\n\n\n<p>Podemos procesar informaci\u00f3n relacionada con prohibiciones o quejas (\u201cdatos de prohibici\u00f3n\u201d y \u201cdatos de queja\u201d) para hacer cumplir nuestras condiciones de servicio. Los datos de prohibici\u00f3n pueden incluir im\u00e1genes de fotogramas de v\u00eddeo denunciados por los usuarios o marcados por nuestro sistema por comportamiento inapropiado.<\/p>\n\n\n\n<h3 class=\"wp-block-heading\">Datos de registro<\/h3>\n\n\n\n<p>Como la mayor\u00eda de las plataformas, procesamos los datos de registro recogidos por su navegador durante las visitas a nuestro sitio. Esto incluye direcciones IP, tipo y versi\u00f3n del navegador, p\u00e1ginas visitadas y tiempo pasado en nuestro sitio. Estos datos no incluyen informaci\u00f3n personal identificable.<\/p>\n\n\n\n<hr class=\"wp-block-separator has-alpha-channel-opacity\"\/>\n\n\n\n<h2 class=\"wp-block-heading\">Facilitar sus datos personales a terceros<\/h2>\n\n\n\n<ul class=\"wp-block-list\">\n<li><strong>Procesadores de pagos<\/strong>: Podemos compartir datos de transacciones con procesadores de pagos (por ejemplo, PayPal, Stripe y Google Pay) para procesar pagos y gestionar disputas.<\/li>\n\n\n\n<li><strong>Servicios de terceros<\/strong>: Las integraciones externas, como Google Analytics, pueden recopilar datos para analizar el comportamiento de los usuarios y mejorar nuestros servicios. Para m\u00e1s detalles, consulte sus respectivas pol\u00edticas de privacidad.<\/li>\n<\/ul>\n\n\n\n<hr class=\"wp-block-separator has-alpha-channel-opacity\"\/>\n\n\n\n<h2 class=\"wp-block-heading\">Transferencias internacionales de sus datos<\/h2>\n\n\n\n<p>Nuestras instalaciones de alojamiento se encuentran en Estados Unidos y Europa. Los usuarios de fuera de estas regiones deben ser conscientes de que sus datos pueden ser procesados en pa\u00edses con leyes de privacidad diferentes. Al utilizar nuestro servicio, usted acepta estas transferencias de datos.<\/p>\n\n\n\n<hr class=\"wp-block-separator has-alpha-channel-opacity\"\/>\n\n\n\n<h2 class=\"wp-block-heading\">Conservaci\u00f3n y supresi\u00f3n de datos personales<\/h2>\n\n\n\n<p>Conservamos los datos personales s\u00f3lo el tiempo necesario para los fines especificados en esta pol\u00edtica. Por ejemplo:<\/p>\n\n\n\n<ul class=\"wp-block-list\">\n<li><strong>Datos del perfil<\/strong>: Se conserva mientras la cuenta est\u00e1 activa.<\/li>\n\n\n\n<li><strong>Datos del mensaje<\/strong>: No se almacena m\u00e1s all\u00e1 de la transmisi\u00f3n a menos que se marque para su revisi\u00f3n (por ejemplo, en el caso de prohibiciones).<\/li>\n\n\n\n<li><strong>Prohibir datos<\/strong>: Retenido durante el periodo de prohibici\u00f3n.<\/li>\n<\/ul>\n\n\n\n<p>Puede solicitar la supresi\u00f3n de sus datos poni\u00e9ndose en contacto con nosotros, excepto cuando la ley exija su conservaci\u00f3n.<\/p>\n\n\n\n<hr class=\"wp-block-separator has-alpha-channel-opacity\"\/>\n\n\n\n<h2 class=\"wp-block-heading\">Protecci\u00f3n de datos personales<\/h2>\n\n\n\n<p>Aplicamos medidas de seguridad est\u00e1ndar del sector para proteger los datos de los usuarios, entre las que se incluyen:<\/p>\n\n\n\n<ul class=\"wp-block-list\">\n<li>Transmisi\u00f3n de datos segura mediante SSL.<\/li>\n\n\n\n<li>Entornos de alojamiento seguros.<\/li>\n\n\n\n<li>Restricciones de acceso s\u00f3lo para personal autorizado.<\/li>\n<\/ul>\n\n\n\n<p>Sin embargo, ning\u00fan sistema es 100% seguro. Los usuarios transmiten datos por su cuenta y riesgo. Si cree que sus datos se han visto comprometidos, p\u00f3ngase en contacto con nosotros inmediatamente.<\/p>\n\n\n\n<hr class=\"wp-block-separator has-alpha-channel-opacity\"\/>\n\n\n\n<h2 class=\"wp-block-heading\">Cookies<\/h2>\n\n\n\n<p>Utilizamos cookies para mejorar la experiencia del usuario y hacer un seguimiento del uso del sitio. Las cookies son peque\u00f1os archivos que se almacenan en su dispositivo y se utilizan con fines de autenticaci\u00f3n y an\u00e1lisis.<\/p>\n\n\n\n<p>Puede gestionar o bloquear las cookies a trav\u00e9s de la configuraci\u00f3n de su navegador. Tenga en cuenta que desactivar las cookies puede afectar a la funcionalidad de nuestro servicio.<\/p>\n\n\n\n<hr class=\"wp-block-separator has-alpha-channel-opacity\"\/>\n\n\n\n<h2 class=\"wp-block-heading\">Sus derechos<\/h2>\n\n\n\n<p>Dependiendo de su ubicaci\u00f3n, puede tener los siguientes derechos en relaci\u00f3n con sus datos:<\/p>\n\n\n\n<ul class=\"wp-block-list\">\n<li>Solicitar el acceso, la rectificaci\u00f3n o la supresi\u00f3n de sus datos.<\/li>\n\n\n\n<li>Oponerse o limitar el tratamiento de los datos.<\/li>\n\n\n\n<li>Retirar el consentimiento en cualquier momento.<\/li>\n<\/ul>\n\n\n\n<p>Para ejercer sus derechos, p\u00f3ngase en contacto con nosotros en\u00a0<a href=\"mailto:support@livu.one\"><strong>soporte@<\/strong><\/a><strong><a href=\"mailto:support@pinkpalacetv.com\">pinkpalacetv.com<\/a><\/strong>.<\/p>\n\n\n\n<hr class=\"wp-block-separator has-alpha-channel-opacity\"\/>\n\n\n\n<h2 class=\"wp-block-heading\">Privacidad infantil<\/h2>\n\n\n\n<p>PinkPalacetv.com no est\u00e1 dirigido a personas menores de 18 a\u00f1os. No recopilamos conscientemente datos de menores. Si tenemos conocimiento de que se han recopilado datos de un menor, tomaremos medidas para eliminarlos inmediatamente.<\/p>\n\n\n\n<hr class=\"wp-block-separator has-alpha-channel-opacity\"\/>\n\n\n\n<h2 class=\"wp-block-heading\">Enmiendas<\/h2>\n\n\n\n<p>Esta pol\u00edtica puede actualizarse peri\u00f3dicamente. Revise esta p\u00e1gina peri\u00f3dicamente para mantenerse informado sobre c\u00f3mo protegemos sus datos.<\/p>\n\n\n\n<hr class=\"wp-block-separator has-alpha-channel-opacity\"\/>\n\n\n\n<h2 class=\"wp-block-heading\">P\u00f3ngase en contacto con nosotros<\/h2>\n\n\n\n<p>Si tiene preguntas o dudas sobre esta pol\u00edtica, p\u00f3ngase en contacto con nosotros en\u00a0<a href=\"mailto:support@camzey.me\"><strong>support@PinkPalacetv.com<\/strong><\/a>.<\/p>\n\n\n\n<p><\/p>","protected":false},"excerpt":{"rendered":"<p>Who we are Suggested text: Our website address is: https:\/\/pinkpalacetv.com. Comments When visitors leave comments on the site we collect the data shown in the comments form, and also the visitor\u2019s IP address and browser user agent string to help spam detection. An anonymized string created from your email address (also called a hash) may [&hellip;]<\/p>\n","protected":false},"author":2,"featured_media":0,"parent":0,"menu_order":0,"comment_status":"closed","ping_status":"open","template":"page-no-sidebar.php","meta":{"_acf_changed":false,"footnotes":""},"class_list":["post-3","page","type-page","status-publish","hentry"],"acf":[],"yoast_head":"<!-- This site is optimized with the Yoast SEO plugin v27.2 - https:\/\/yoast.com\/product\/yoast-seo-wordpress\/ -->\n<title>Privacy Policy - Pink Palace TV<\/title>\n<meta name=\"robots\" content=\"index, follow, max-snippet:-1, max-image-preview:large, max-video-preview:-1\" \/>\n<link rel=\"canonical\" href=\"https:\/\/pinkpalacetv.com\/es\/privacy-policy\/\" \/>\n<meta property=\"og:locale\" content=\"es_ES\" \/>\n<meta property=\"og:type\" content=\"article\" \/>\n<meta property=\"og:title\" content=\"Privacy Policy - Pink Palace TV\" \/>\n<meta property=\"og:description\" content=\"Who we are Suggested text: Our website address is: https:\/\/pinkpalacetv.com. Comments When visitors leave comments on the site we collect the data shown in the comments form, and also the visitor\u2019s IP address and browser user agent string to help spam detection. An anonymized string created from your email address (also called a hash) may [&hellip;]\" \/>\n<meta property=\"og:url\" content=\"https:\/\/pinkpalacetv.com\/es\/privacy-policy\/\" \/>\n<meta property=\"og:site_name\" content=\"Pink Palace TV\" \/>\n<meta property=\"article:modified_time\" content=\"2026-01-03T14:22:02+00:00\" \/>\n<meta name=\"twitter:card\" content=\"summary_large_image\" \/>\n<meta name=\"twitter:label1\" content=\"Tiempo de lectura\" \/>\n\t<meta name=\"twitter:data1\" content=\"7 minutos\" \/>\n<script type=\"application\/ld+json\" class=\"yoast-schema-graph\">{\"@context\":\"https:\/\/schema.org\",\"@graph\":[{\"@type\":\"WebPage\",\"@id\":\"https:\/\/pinkpalacetv.com\/privacy-policy\/\",\"url\":\"https:\/\/pinkpalacetv.com\/privacy-policy\/\",\"name\":\"Privacy Policy - Pink Palace TV\",\"isPartOf\":{\"@id\":\"https:\/\/pinkpalacetv.com\/#website\"},\"datePublished\":\"2025-12-25T11:46:07+00:00\",\"dateModified\":\"2026-01-03T14:22:02+00:00\",\"breadcrumb\":{\"@id\":\"https:\/\/pinkpalacetv.com\/privacy-policy\/#breadcrumb\"},\"inLanguage\":\"es\",\"potentialAction\":[{\"@type\":\"ReadAction\",\"target\":[\"https:\/\/pinkpalacetv.com\/privacy-policy\/\"]}]},{\"@type\":\"BreadcrumbList\",\"@id\":\"https:\/\/pinkpalacetv.com\/privacy-policy\/#breadcrumb\",\"itemListElement\":[{\"@type\":\"ListItem\",\"position\":1,\"name\":\"Home\",\"item\":\"https:\/\/pinkpalacetv.com\/\"},{\"@type\":\"ListItem\",\"position\":2,\"name\":\"Privacy Policy\"}]},{\"@type\":\"WebSite\",\"@id\":\"https:\/\/pinkpalacetv.com\/#website\",\"url\":\"https:\/\/pinkpalacetv.com\/\",\"name\":\"Livu\",\"description\":\"\",\"publisher\":{\"@id\":\"https:\/\/pinkpalacetv.com\/#\/schema\/person\/84cb5ff958a2feff4e9bcd58884c9c25\"},\"potentialAction\":[{\"@type\":\"SearchAction\",\"target\":{\"@type\":\"EntryPoint\",\"urlTemplate\":\"https:\/\/pinkpalacetv.com\/?s={search_term_string}\"},\"query-input\":{\"@type\":\"PropertyValueSpecification\",\"valueRequired\":true,\"valueName\":\"search_term_string\"}}],\"inLanguage\":\"es\"},{\"@type\":[\"Person\",\"Organization\"],\"@id\":\"https:\/\/pinkpalacetv.com\/#\/schema\/person\/84cb5ff958a2feff4e9bcd58884c9c25\",\"name\":\"hanni\",\"image\":{\"@type\":\"ImageObject\",\"inLanguage\":\"es\",\"@id\":\"https:\/\/secure.gravatar.com\/avatar\/027f08cf21823cc711afc6aa77e9d99a57b91360ee3fd03722ecf1b054905a10?s=96&d=mm&r=g\",\"url\":\"https:\/\/secure.gravatar.com\/avatar\/027f08cf21823cc711afc6aa77e9d99a57b91360ee3fd03722ecf1b054905a10?s=96&d=mm&r=g\",\"contentUrl\":\"https:\/\/secure.gravatar.com\/avatar\/027f08cf21823cc711afc6aa77e9d99a57b91360ee3fd03722ecf1b054905a10?s=96&d=mm&r=g\",\"caption\":\"hanni\"},\"logo\":{\"@id\":\"https:\/\/secure.gravatar.com\/avatar\/027f08cf21823cc711afc6aa77e9d99a57b91360ee3fd03722ecf1b054905a10?s=96&d=mm&r=g\"}}]}<\/script>\n<!-- \/ Yoast SEO plugin. -->","yoast_head_json":{"title":"Pol\u00edtica de privacidad - Pink Palace TV","robots":{"index":"index","follow":"follow","max-snippet":"max-snippet:-1","max-image-preview":"max-image-preview:large","max-video-preview":"max-video-preview:-1"},"canonical":"https:\/\/pinkpalacetv.com\/es\/privacy-policy\/","og_locale":"es_ES","og_type":"article","og_title":"Privacy Policy - Pink Palace TV","og_description":"Who we are Suggested text: Our website address is: https:\/\/pinkpalacetv.com. Comments When visitors leave comments on the site we collect the data shown in the comments form, and also the visitor\u2019s IP address and browser user agent string to help spam detection. An anonymized string created from your email address (also called a hash) may [&hellip;]","og_url":"https:\/\/pinkpalacetv.com\/es\/privacy-policy\/","og_site_name":"Pink Palace TV","article_modified_time":"2026-01-03T14:22:02+00:00","twitter_card":"summary_large_image","twitter_misc":{"Tiempo de lectura":"7 minutos"},"schema":{"@context":"https:\/\/schema.org","@graph":[{"@type":"WebPage","@id":"https:\/\/pinkpalacetv.com\/privacy-policy\/","url":"https:\/\/pinkpalacetv.com\/privacy-policy\/","name":"Pol\u00edtica de privacidad - Pink Palace TV","isPartOf":{"@id":"https:\/\/pinkpalacetv.com\/#website"},"datePublished":"2025-12-25T11:46:07+00:00","dateModified":"2026-01-03T14:22:02+00:00","breadcrumb":{"@id":"https:\/\/pinkpalacetv.com\/privacy-policy\/#breadcrumb"},"inLanguage":"es","potentialAction":[{"@type":"ReadAction","target":["https:\/\/pinkpalacetv.com\/privacy-policy\/"]}]},{"@type":"BreadcrumbList","@id":"https:\/\/pinkpalacetv.com\/privacy-policy\/#breadcrumb","itemListElement":[{"@type":"ListItem","position":1,"name":"Home","item":"https:\/\/pinkpalacetv.com\/"},{"@type":"ListItem","position":2,"name":"Privacy Policy"}]},{"@type":"WebSite","@id":"https:\/\/pinkpalacetv.com\/#website","url":"https:\/\/pinkpalacetv.com\/","name":"Livu","description":"","publisher":{"@id":"https:\/\/pinkpalacetv.com\/#\/schema\/person\/84cb5ff958a2feff4e9bcd58884c9c25"},"potentialAction":[{"@type":"SearchAction","target":{"@type":"EntryPoint","urlTemplate":"https:\/\/pinkpalacetv.com\/?s={search_term_string}"},"query-input":{"@type":"PropertyValueSpecification","valueRequired":true,"valueName":"search_term_string"}}],"inLanguage":"es"},{"@type":["Person","Organization"],"@id":"https:\/\/pinkpalacetv.com\/#\/schema\/person\/84cb5ff958a2feff4e9bcd58884c9c25","name":"hanni","image":{"@type":"ImageObject","inLanguage":"es","@id":"https:\/\/secure.gravatar.com\/avatar\/027f08cf21823cc711afc6aa77e9d99a57b91360ee3fd03722ecf1b054905a10?s=96&d=mm&r=g","url":"https:\/\/secure.gravatar.com\/avatar\/027f08cf21823cc711afc6aa77e9d99a57b91360ee3fd03722ecf1b054905a10?s=96&d=mm&r=g","contentUrl":"https:\/\/secure.gravatar.com\/avatar\/027f08cf21823cc711afc6aa77e9d99a57b91360ee3fd03722ecf1b054905a10?s=96&d=mm&r=g","caption":"hanni"},"logo":{"@id":"https:\/\/secure.gravatar.com\/avatar\/027f08cf21823cc711afc6aa77e9d99a57b91360ee3fd03722ecf1b054905a10?s=96&d=mm&r=g"}}]}},"_links":{"self":[{"href":"https:\/\/pinkpalacetv.com\/es\/wp-json\/wp\/v2\/pages\/3","targetHints":{"allow":["GET"]}}],"collection":[{"href":"https:\/\/pinkpalacetv.com\/es\/wp-json\/wp\/v2\/pages"}],"about":[{"href":"https:\/\/pinkpalacetv.com\/es\/wp-json\/wp\/v2\/types\/page"}],"author":[{"embeddable":true,"href":"https:\/\/pinkpalacetv.com\/es\/wp-json\/wp\/v2\/users\/2"}],"replies":[{"embeddable":true,"href":"https:\/\/pinkpalacetv.com\/es\/wp-json\/wp\/v2\/comments?post=3"}],"version-history":[{"count":2,"href":"https:\/\/pinkpalacetv.com\/es\/wp-json\/wp\/v2\/pages\/3\/revisions"}],"predecessor-version":[{"id":145,"href":"https:\/\/pinkpalacetv.com\/es\/wp-json\/wp\/v2\/pages\/3\/revisions\/145"}],"wp:attachment":[{"href":"https:\/\/pinkpalacetv.com\/es\/wp-json\/wp\/v2\/media?parent=3"}],"curies":[{"name":"wp","href":"https:\/\/api.w.org\/{rel}","templated":true}]}}