{"id":3,"date":"2025-12-25T11:46:07","date_gmt":"2025-12-25T11:46:07","guid":{"rendered":"https:\/\/pinkpalacetv.com\/?page_id=3"},"modified":"2026-01-03T14:22:02","modified_gmt":"2026-01-03T14:22:02","slug":"privacy-policy","status":"publish","type":"page","link":"https:\/\/pinkpalacetv.com\/de\/privacy-policy\/","title":{"rendered":"Datenschutzbestimmungen"},"content":{"rendered":"<h2 class=\"wp-block-heading\">Wer wir sind<\/h2>\n\n\n\n<p><strong class=\"privacy-policy-tutorial\">Vorgeschlagener Text: <\/strong>Unsere Website-Adresse lautet: https:\/\/pinkpalacetv.com.<\/p>\n\n\n\n<h2 class=\"wp-block-heading\">Kommentare<\/h2>\n\n\n\n<p>Wenn Besucher Kommentare auf der Website hinterlassen, erfassen wir die im Kommentarformular angezeigten Daten sowie die IP-Adresse des Besuchers und den User-Agent-String des Browsers, um die Spam-Erkennung zu erleichtern.<\/p>\n\n\n\n<p>Eine anonymisierte Zeichenfolge, die aus Ihrer E-Mail-Adresse erstellt wird (auch Hash genannt), kann dem Gravatar-Dienst zur Verf\u00fcgung gestellt werden, um zu sehen, ob Sie ihn benutzen. Die Datenschutzrichtlinien des Gravatar-Dienstes finden Sie hier: https:\/\/automattic.com\/privacy\/. Nach der Freigabe Ihres Kommentars ist Ihr Profilbild im Zusammenhang mit Ihrem Kommentar \u00f6ffentlich sichtbar.<\/p>\n\n\n\n<h2 class=\"wp-block-heading\">Medien<\/h2>\n\n\n\n<p><strong class=\"privacy-policy-tutorial\">Vorgeschlagener Text: <\/strong>Wenn Sie Bilder auf die Website hochladen, sollten Sie es vermeiden, Bilder hochzuladen, die eingebettete Standortdaten (EXIF-GPS) enthalten. Die Besucher der Website k\u00f6nnen alle Standortdaten von den Bildern auf der Website herunterladen und extrahieren.<\/p>\n\n\n\n<h2 class=\"wp-block-heading\">Cookies<\/h2>\n\n\n\n<p><strong class=\"privacy-policy-tutorial\">Vorgeschlagener Text: <\/strong>Wenn Sie einen Kommentar auf unserer Website hinterlassen, k\u00f6nnen Sie sich damit einverstanden erkl\u00e4ren, dass Ihr Name, Ihre E-Mail-Adresse und Ihre Website in Cookies gespeichert werden. Diese dienen Ihrer Bequemlichkeit, damit Sie Ihre Daten nicht erneut eingeben m\u00fcssen, wenn Sie einen weiteren Kommentar hinterlassen. Diese Cookies sind ein Jahr lang g\u00fcltig.<\/p>\n\n\n\n<p>Wenn Sie unsere Anmeldeseite besuchen, setzen wir ein tempor\u00e4res Cookie, um festzustellen, ob Ihr Browser Cookies zul\u00e4sst. Dieses Cookie enth\u00e4lt keine pers\u00f6nlichen Daten und wird gel\u00f6scht, wenn Sie Ihren Browser schlie\u00dfen.<\/p>\n\n\n\n<p>Wenn Sie sich anmelden, legen wir au\u00dferdem mehrere Cookies an, um Ihre Anmeldeinformationen und die von Ihnen gew\u00e4hlten Bildschirmoptionen zu speichern. Die Anmelde-Cookies bleiben zwei Tage lang gespeichert, die Cookies f\u00fcr die Bildschirmoptionen ein Jahr lang. Wenn Sie \u201cRemember Me\u201d w\u00e4hlen, bleibt Ihr Login zwei Wochen lang erhalten. Wenn Sie sich von Ihrem Konto abmelden, werden die Anmelde-Cookies entfernt.<\/p>\n\n\n\n<p>Wenn Sie einen Artikel bearbeiten oder ver\u00f6ffentlichen, wird ein zus\u00e4tzliches Cookie in Ihrem Browser gespeichert. Dieses Cookie enth\u00e4lt keine pers\u00f6nlichen Daten und zeigt lediglich die Post-ID des Artikels an, den Sie gerade bearbeitet haben. Er verf\u00e4llt nach 1 Tag.<\/p>\n\n\n\n<h2 class=\"wp-block-heading\">Eingebettete Inhalte von anderen Websites<\/h2>\n\n\n\n<p><strong class=\"privacy-policy-tutorial\">Vorgeschlagener Text: <\/strong>Die Artikel auf dieser Website k\u00f6nnen eingebettete Inhalte (z. B. Videos, Bilder, Artikel usw.) enthalten. Eingebettete Inhalte von anderen Websites verhalten sich genau so, als ob der Besucher die andere Website besucht h\u00e4tte.<\/p>\n\n\n\n<p>Diese Websites k\u00f6nnen Daten \u00fcber Sie sammeln, Cookies verwenden, zus\u00e4tzliche Trackingfunktionen von Dritten einbetten und Ihre Interaktion mit diesen eingebetteten Inhalten \u00fcberwachen, einschlie\u00dflich der Verfolgung Ihrer Interaktion mit den eingebetteten Inhalten, wenn Sie ein Konto haben und auf dieser Website angemeldet sind.<\/p>\n\n\n\n<h2 class=\"wp-block-heading\">Mit wem wir Ihre Daten teilen<\/h2>\n\n\n\n<p><strong class=\"privacy-policy-tutorial\">Vorgeschlagener Text: <\/strong>Wenn Sie ein neues Passwort anfordern, wird Ihre IP-Adresse in der E-Mail mit dem neuen Passwort angegeben.<\/p>\n\n\n\n<h2 class=\"wp-block-heading\">Wie lange wir Ihre Daten aufbewahren<\/h2>\n\n\n\n<p><strong class=\"privacy-policy-tutorial\">Vorgeschlagener Text: <\/strong>Wenn Sie einen Kommentar hinterlassen, werden der Kommentar und seine Metadaten auf unbestimmte Zeit gespeichert. Auf diese Weise k\u00f6nnen wir Folgekommentare automatisch erkennen und genehmigen, anstatt sie in einer Moderationswarteschlange zu halten.<\/p>\n\n\n\n<p>F\u00fcr Benutzer, die sich auf unserer Website registrieren (falls vorhanden), speichern wir auch die pers\u00f6nlichen Informationen, die sie in ihrem Benutzerprofil angeben. Alle Nutzer k\u00f6nnen ihre pers\u00f6nlichen Daten jederzeit einsehen, bearbeiten oder l\u00f6schen (sie k\u00f6nnen jedoch ihren Benutzernamen nicht \u00e4ndern). Auch die Administratoren der Website k\u00f6nnen diese Informationen einsehen und bearbeiten.<\/p>\n\n\n\n<h2 class=\"wp-block-heading\">Welche Rechte Sie an Ihren Daten haben<\/h2>\n\n\n\n<p><strong class=\"privacy-policy-tutorial\">Vorgeschlagener Text: <\/strong>Wenn Sie ein Konto auf dieser Website haben oder Kommentare hinterlassen haben, k\u00f6nnen Sie eine exportierte Datei mit den personenbezogenen Daten anfordern, die wir \u00fcber Sie gespeichert haben, einschlie\u00dflich aller Daten, die Sie uns zur Verf\u00fcgung gestellt haben. Sie k\u00f6nnen auch verlangen, dass wir alle personenbezogenen Daten, die wir \u00fcber Sie gespeichert haben, l\u00f6schen. Davon ausgenommen sind Daten, die wir aus verwaltungstechnischen, rechtlichen oder sicherheitsrelevanten Gr\u00fcnden aufbewahren m\u00fcssen.<\/p>\n\n\n\n<h2 class=\"wp-block-heading\">Wohin Ihre Daten gesendet werden<\/h2>\n\n\n\n<p>Wir verpflichten uns, die Privatsph\u00e4re unserer Dienstleistungsnutzer zu sch\u00fctzen.<\/p>\n\n\n\n<p>Diese Richtlinie gilt f\u00fcr die F\u00e4lle, in denen wir als f\u00fcr die Datenverarbeitung Verantwortlicher in Bezug auf die personenbezogenen Daten unserer Dienstleistungsnutzer auftreten, d. h. in denen wir die Zwecke und Mittel der Verarbeitung personenbezogener Daten bestimmen.<\/p>\n\n\n\n<p>Durch die Nutzung unseres Dienstes erkl\u00e4ren Sie sich mit der \u00dcbermittlung personenbezogener Daten, wie in dieser Richtlinie beschrieben, einverstanden.<\/p>\n\n\n\n<hr class=\"wp-block-separator has-alpha-channel-opacity\"\/>\n\n\n\n<h2 class=\"wp-block-heading\">Wie wir Ihre pers\u00f6nlichen Daten verwenden<\/h2>\n\n\n\n<h3 class=\"wp-block-heading\">Profil-Daten<\/h3>\n\n\n\n<p>Wir k\u00f6nnen Informationen verarbeiten, die in Ihrem pers\u00f6nlichen Profil in unserem Dienst enthalten sind (\u201cProfildaten\u201d). Diese Daten k\u00f6nnen Ihren Namen, Ihr Alter, Ihre E-Mail-Adresse, Ihr Profilbild und andere Informationen umfassen, deren Erfassung Sie uns gestatten. F\u00fcr die Authentifizierung und die Erstellung von Konten k\u00f6nnen wir externe Dienste wie Google Login oder Facebook Login nutzen, die den Zugriff auf bestimmte Daten wie Ihren Namen, Ihre E-Mail-Adresse und Ihr Profilbild anfordern, um die Registrierung zu vereinfachen.<\/p>\n\n\n\n<p>Wir greifen nicht auf zus\u00e4tzliche personenbezogene Daten von diesen Plattformen zu und erheben sie auch nicht \u00fcber das hinaus, was in dieser Richtlinie dargelegt ist. Die Profildaten werden verarbeitet, um Ihre Nutzung unseres Dienstes zu erm\u00f6glichen und zu \u00fcberwachen.<\/p>\n\n\n\n<h3 class=\"wp-block-heading\">Verwendungsdaten<\/h3>\n\n\n\n<p>Wir k\u00f6nnen Daten \u00fcber Ihre Nutzung unseres Dienstes (\u201cNutzungsdaten\u201d) verarbeiten. Zu den Nutzungsdaten k\u00f6nnen Ihre IP-Adresse, Ihr geografischer Standort (beschr\u00e4nkt auf Land und Bundesland), Browsertyp und -version, Betriebssystem, Verweisquelle, Dauer des Besuchs, Seitenaufrufe und Navigationspfade geh\u00f6ren. Diese Daten werden \u00fcber unser analytisches Tracking-System erfasst, um Nutzungsmuster zu analysieren und unseren Service zu verbessern.<\/p>\n\n\n\n<p>Die Rechtsgrundlage f\u00fcr diese Verarbeitung ist Ihre Einwilligung (die sich in Ihrer Nutzung unseres Dienstes manifestiert) und unser berechtigtes Interesse an der Verbesserung unseres Dienstes.<\/p>\n\n\n\n<h3 class=\"wp-block-heading\">Anfrage Daten<\/h3>\n\n\n\n<p>Wir k\u00f6nnen Daten verarbeiten, die in Anfragen enthalten sind, die Sie an uns bez\u00fcglich unserer Dienstleistungen richten (\u201cAnfragedaten\u201d). Diese Daten werden verarbeitet, um Ihre Anfragen zu beantworten und entsprechende Angebote zu bewerben.<\/p>\n\n\n\n<h3 class=\"wp-block-heading\">Kommunikations- und Korrespondenzdaten<\/h3>\n\n\n\n<p>Wir k\u00f6nnen Informationen aus der \u00fcber unseren Dienst gesendeten Kommunikation (\u201cKorrespondenzdaten\u201d) verarbeiten. Dazu k\u00f6nnen Nachrichteninhalte, Metadaten und damit verbundene Informationen geh\u00f6ren. Die Daten werden verarbeitet, um die Kommunikation zu erleichtern und eine ordnungsgem\u00e4\u00dfe Aufzeichnung zur Verbesserung des Dienstes zu gew\u00e4hrleisten.<\/p>\n\n\n\n<h3 class=\"wp-block-heading\">Transaktionsdaten<\/h3>\n\n\n\n<p>Wir k\u00f6nnen Daten im Zusammenhang mit K\u00e4ufen oder Transaktionen verarbeiten, die \u00fcber unseren Dienst get\u00e4tigt wurden (\u201cTransaktionsdaten\u201d). Diese Daten k\u00f6nnen Ihre Kontaktdaten, Zahlungsinformationen und Transaktionsdetails umfassen. Der Zweck besteht darin, die erworbenen Dienstleistungen zu erbringen und ordnungsgem\u00e4\u00dfe Finanzunterlagen zu f\u00fchren.<\/p>\n\n\n\n<h3 class=\"wp-block-heading\">Kundendaten<\/h3>\n\n\n\n<p>Wir k\u00f6nnen Informationen \u00fcber Ihr Ger\u00e4t, Ihren Browser und Ihr Betriebssystem (\u201cKundendaten\u201d) sammeln, um die Benutzerfreundlichkeit zu erh\u00f6hen und die Verwaltung der Dienste zu verbessern. Dazu geh\u00f6ren Daten wie Ger\u00e4tehersteller, Browserversion und IP-Adresse.<\/p>\n\n\n\n<h3 class=\"wp-block-heading\">Nachrichten- und Kommunikationsdaten<\/h3>\n\n\n\n<p>Wir k\u00f6nnen Informationen \u00fcber Textnachrichten oder Videokommunikation verarbeiten, die \u00fcber unsere Plattform gesendet werden (\u201cNachrichtendaten\u201d und \u201cKommunikationsdaten\u201d). Diese Daten werden verwendet, um die Kommunikation zu erleichtern, die Leistung des Dienstes zu \u00fcberwachen und auf Beschwerden oder unangemessenes Verhalten zu reagieren.<\/p>\n\n\n\n<h3 class=\"wp-block-heading\">Verbots- und Beschwerdedaten<\/h3>\n\n\n\n<p>Wir k\u00f6nnen Informationen im Zusammenhang mit Sperrungen oder Beschwerden (\u201cSperrdaten\u201d und \u201cBeschwerdedaten\u201d) verarbeiten, um unsere Nutzungsbedingungen durchzusetzen. Verbotsdaten k\u00f6nnen Bilder von Videoframes enthalten, die von Nutzern gemeldet oder von unserem System als unangemessenes Verhalten gekennzeichnet wurden.<\/p>\n\n\n\n<h3 class=\"wp-block-heading\">Protokolldaten<\/h3>\n\n\n\n<p>Wie die meisten Plattformen verarbeiten wir Protokolldaten, die von Ihrem Browser w\u00e4hrend des Besuchs unserer Website erfasst werden. Dazu geh\u00f6ren IP-Adressen, Browsertyp und -version, besuchte Seiten und die auf unserer Website verbrachte Zeit. Diese Daten enthalten keine pers\u00f6nlich identifizierbaren Informationen.<\/p>\n\n\n\n<hr class=\"wp-block-separator has-alpha-channel-opacity\"\/>\n\n\n\n<h2 class=\"wp-block-heading\">Weitergabe Ihrer pers\u00f6nlichen Daten an andere<\/h2>\n\n\n\n<ul class=\"wp-block-list\">\n<li><strong>Zahlungsabwickler<\/strong>: Wir k\u00f6nnen Transaktionsdaten an Zahlungsdienstleister (z. B. PayPal, Stripe und Google Pay) weitergeben, um Zahlungen zu verarbeiten und Streitf\u00e4lle zu bearbeiten.<\/li>\n\n\n\n<li><strong>Dienstleistungen von Drittanbietern<\/strong>: Externe Integrationen, wie z. B. Google Analytics, k\u00f6nnen Daten sammeln, um das Nutzerverhalten zu analysieren und unsere Dienste zu verbessern. Einzelheiten finden Sie in den jeweiligen Datenschutzrichtlinien.<\/li>\n<\/ul>\n\n\n\n<hr class=\"wp-block-separator has-alpha-channel-opacity\"\/>\n\n\n\n<h2 class=\"wp-block-heading\">Internationale \u00dcbermittlung Ihrer Daten<\/h2>\n\n\n\n<p>Unsere Hosting-Einrichtungen befinden sich in den Vereinigten Staaten und Europa. Nutzer au\u00dferhalb dieser Regionen sollten sich dar\u00fcber im Klaren sein, dass ihre Daten in L\u00e4ndern mit abweichenden Datenschutzgesetzen verarbeitet werden k\u00f6nnen. Durch die Nutzung unseres Dienstes erkl\u00e4ren Sie sich mit diesen Daten\u00fcbertragungen einverstanden.<\/p>\n\n\n\n<hr class=\"wp-block-separator has-alpha-channel-opacity\"\/>\n\n\n\n<h2 class=\"wp-block-heading\">Aufbewahrung und L\u00f6schung von personenbezogenen Daten<\/h2>\n\n\n\n<p>Wir bewahren personenbezogene Daten nur so lange auf, wie es f\u00fcr die in dieser Richtlinie genannten Zwecke erforderlich ist. Zum Beispiel:<\/p>\n\n\n\n<ul class=\"wp-block-list\">\n<li><strong>Profil-Daten<\/strong>: Wird beibehalten, solange Ihr Konto aktiv ist.<\/li>\n\n\n\n<li><strong>Daten der Nachricht<\/strong>: Wird nicht \u00fcber die \u00dcbermittlung hinaus gespeichert, es sei denn, er wird zur \u00dcberpr\u00fcfung gekennzeichnet (z. B. im Falle von Verboten).<\/li>\n\n\n\n<li><strong>Daten verbieten<\/strong>: Wird f\u00fcr die Dauer der Sperrfrist einbehalten.<\/li>\n<\/ul>\n\n\n\n<p>Sie k\u00f6nnen die L\u00f6schung Ihrer Daten verlangen, indem Sie sich mit uns in Verbindung setzen, es sei denn, die Speicherung ist gesetzlich vorgeschrieben.<\/p>\n\n\n\n<hr class=\"wp-block-separator has-alpha-channel-opacity\"\/>\n\n\n\n<h2 class=\"wp-block-heading\">Schutz Ihrer pers\u00f6nlichen Daten<\/h2>\n\n\n\n<p>Wir setzen branchen\u00fcbliche Sicherheitsma\u00dfnahmen zum Schutz der Nutzerdaten ein, darunter auch:<\/p>\n\n\n\n<ul class=\"wp-block-list\">\n<li>Sichere Daten\u00fcbertragung \u00fcber SSL.<\/li>\n\n\n\n<li>Sichere Hosting-Umgebungen.<\/li>\n\n\n\n<li>Zugangsbeschr\u00e4nkungen nur f\u00fcr autorisiertes Personal.<\/li>\n<\/ul>\n\n\n\n<p>Allerdings ist kein System 100% sicher. Die \u00dcbermittlung von Daten erfolgt auf eigene Gefahr. Wenn Sie glauben, dass Ihre Daten kompromittiert worden sind, kontaktieren Sie uns sofort.<\/p>\n\n\n\n<hr class=\"wp-block-separator has-alpha-channel-opacity\"\/>\n\n\n\n<h2 class=\"wp-block-heading\">Cookies<\/h2>\n\n\n\n<p>Wir verwenden Cookies, um die Benutzerfreundlichkeit zu verbessern und die Nutzung der Website zu verfolgen. Cookies sind kleine Dateien, die auf Ihrem Ger\u00e4t gespeichert und f\u00fcr Zwecke wie Authentifizierung und Analyse verwendet werden.<\/p>\n\n\n\n<p>Sie k\u00f6nnen Cookies \u00fcber Ihre Browsereinstellungen verwalten oder blockieren. Beachten Sie, dass die Deaktivierung von Cookies die Funktionalit\u00e4t unseres Dienstes beeintr\u00e4chtigen kann.<\/p>\n\n\n\n<hr class=\"wp-block-separator has-alpha-channel-opacity\"\/>\n\n\n\n<h2 class=\"wp-block-heading\">Ihre Rechte<\/h2>\n\n\n\n<p>Je nach Ihrem Wohnort haben Sie m\u00f6glicherweise die folgenden Rechte in Bezug auf Ihre Daten:<\/p>\n\n\n\n<ul class=\"wp-block-list\">\n<li>Zugang, Berichtigung oder L\u00f6schung Ihrer Daten beantragen.<\/li>\n\n\n\n<li>der Datenverarbeitung zu widersprechen oder sie einzuschr\u00e4nken.<\/li>\n\n\n\n<li>Sie k\u00f6nnen Ihre Einwilligung jederzeit widerrufen.<\/li>\n<\/ul>\n\n\n\n<p>Um Ihre Rechte auszu\u00fcben, kontaktieren Sie uns bitte unter\u00a0<a href=\"mailto:support@livu.one\"><strong>Unterst\u00fctzung@<\/strong><\/a><strong><a href=\"mailto:support@pinkpalacetv.com\">pinkpalacetv.com<\/a><\/strong>.<\/p>\n\n\n\n<hr class=\"wp-block-separator has-alpha-channel-opacity\"\/>\n\n\n\n<h2 class=\"wp-block-heading\">Datenschutz f\u00fcr Kinder<\/h2>\n\n\n\n<p>PinkPalacetv.com ist nicht f\u00fcr Personen unter 18 Jahren bestimmt. Wir sammeln nicht wissentlich Daten von Kindern. Wenn wir erfahren, dass Daten von Minderj\u00e4hrigen gesammelt wurden, werden wir Ma\u00dfnahmen ergreifen, um sie sofort zu l\u00f6schen.<\/p>\n\n\n\n<hr class=\"wp-block-separator has-alpha-channel-opacity\"\/>\n\n\n\n<h2 class=\"wp-block-heading\">\u00c4nderungsantr\u00e4ge<\/h2>\n\n\n\n<p>Diese Richtlinie kann von Zeit zu Zeit aktualisiert werden. Bitte lesen Sie diese Seite regelm\u00e4\u00dfig, um sich dar\u00fcber zu informieren, wie wir Ihre Daten sch\u00fctzen.<\/p>\n\n\n\n<hr class=\"wp-block-separator has-alpha-channel-opacity\"\/>\n\n\n\n<h2 class=\"wp-block-heading\">Kontakt<\/h2>\n\n\n\n<p>Wenn Sie Fragen oder Bedenken bez\u00fcglich dieser Politik haben, wenden Sie sich an uns\u00a0<a href=\"mailto:support@camzey.me\"><strong>support@PinkPalacetv.com<\/strong><\/a>.<\/p>\n\n\n\n<p><\/p>","protected":false},"excerpt":{"rendered":"<p>Who we are Suggested text: Our website address is: https:\/\/pinkpalacetv.com. Comments When visitors leave comments on the site we collect the data shown in the comments form, and also the visitor\u2019s IP address and browser user agent string to help spam detection. An anonymized string created from your email address (also called a hash) may [&hellip;]<\/p>\n","protected":false},"author":2,"featured_media":0,"parent":0,"menu_order":0,"comment_status":"closed","ping_status":"open","template":"page-no-sidebar.php","meta":{"_acf_changed":false,"footnotes":""},"class_list":["post-3","page","type-page","status-publish","hentry"],"acf":[],"yoast_head":"<!-- This site is optimized with the Yoast SEO plugin v27.2 - https:\/\/yoast.com\/product\/yoast-seo-wordpress\/ -->\n<title>Privacy Policy - Pink Palace TV<\/title>\n<meta name=\"robots\" content=\"index, follow, max-snippet:-1, max-image-preview:large, max-video-preview:-1\" \/>\n<link rel=\"canonical\" href=\"https:\/\/pinkpalacetv.com\/de\/privacy-policy\/\" \/>\n<meta property=\"og:locale\" content=\"de_DE\" \/>\n<meta property=\"og:type\" content=\"article\" \/>\n<meta property=\"og:title\" content=\"Privacy Policy - Pink Palace TV\" \/>\n<meta property=\"og:description\" content=\"Who we are Suggested text: Our website address is: https:\/\/pinkpalacetv.com. Comments When visitors leave comments on the site we collect the data shown in the comments form, and also the visitor\u2019s IP address and browser user agent string to help spam detection. An anonymized string created from your email address (also called a hash) may [&hellip;]\" \/>\n<meta property=\"og:url\" content=\"https:\/\/pinkpalacetv.com\/de\/privacy-policy\/\" \/>\n<meta property=\"og:site_name\" content=\"Pink Palace TV\" \/>\n<meta property=\"article:modified_time\" content=\"2026-01-03T14:22:02+00:00\" \/>\n<meta name=\"twitter:card\" content=\"summary_large_image\" \/>\n<meta name=\"twitter:label1\" content=\"Gesch\u00e4tzte Lesezeit\" \/>\n\t<meta name=\"twitter:data1\" content=\"7\u00a0Minuten\" \/>\n<script type=\"application\/ld+json\" class=\"yoast-schema-graph\">{\"@context\":\"https:\/\/schema.org\",\"@graph\":[{\"@type\":\"WebPage\",\"@id\":\"https:\/\/pinkpalacetv.com\/privacy-policy\/\",\"url\":\"https:\/\/pinkpalacetv.com\/privacy-policy\/\",\"name\":\"Privacy Policy - Pink Palace TV\",\"isPartOf\":{\"@id\":\"https:\/\/pinkpalacetv.com\/#website\"},\"datePublished\":\"2025-12-25T11:46:07+00:00\",\"dateModified\":\"2026-01-03T14:22:02+00:00\",\"breadcrumb\":{\"@id\":\"https:\/\/pinkpalacetv.com\/privacy-policy\/#breadcrumb\"},\"inLanguage\":\"de\",\"potentialAction\":[{\"@type\":\"ReadAction\",\"target\":[\"https:\/\/pinkpalacetv.com\/privacy-policy\/\"]}]},{\"@type\":\"BreadcrumbList\",\"@id\":\"https:\/\/pinkpalacetv.com\/privacy-policy\/#breadcrumb\",\"itemListElement\":[{\"@type\":\"ListItem\",\"position\":1,\"name\":\"Home\",\"item\":\"https:\/\/pinkpalacetv.com\/\"},{\"@type\":\"ListItem\",\"position\":2,\"name\":\"Privacy Policy\"}]},{\"@type\":\"WebSite\",\"@id\":\"https:\/\/pinkpalacetv.com\/#website\",\"url\":\"https:\/\/pinkpalacetv.com\/\",\"name\":\"Livu\",\"description\":\"\",\"publisher\":{\"@id\":\"https:\/\/pinkpalacetv.com\/#\/schema\/person\/84cb5ff958a2feff4e9bcd58884c9c25\"},\"potentialAction\":[{\"@type\":\"SearchAction\",\"target\":{\"@type\":\"EntryPoint\",\"urlTemplate\":\"https:\/\/pinkpalacetv.com\/?s={search_term_string}\"},\"query-input\":{\"@type\":\"PropertyValueSpecification\",\"valueRequired\":true,\"valueName\":\"search_term_string\"}}],\"inLanguage\":\"de\"},{\"@type\":[\"Person\",\"Organization\"],\"@id\":\"https:\/\/pinkpalacetv.com\/#\/schema\/person\/84cb5ff958a2feff4e9bcd58884c9c25\",\"name\":\"hanni\",\"image\":{\"@type\":\"ImageObject\",\"inLanguage\":\"de\",\"@id\":\"https:\/\/secure.gravatar.com\/avatar\/027f08cf21823cc711afc6aa77e9d99a57b91360ee3fd03722ecf1b054905a10?s=96&d=mm&r=g\",\"url\":\"https:\/\/secure.gravatar.com\/avatar\/027f08cf21823cc711afc6aa77e9d99a57b91360ee3fd03722ecf1b054905a10?s=96&d=mm&r=g\",\"contentUrl\":\"https:\/\/secure.gravatar.com\/avatar\/027f08cf21823cc711afc6aa77e9d99a57b91360ee3fd03722ecf1b054905a10?s=96&d=mm&r=g\",\"caption\":\"hanni\"},\"logo\":{\"@id\":\"https:\/\/secure.gravatar.com\/avatar\/027f08cf21823cc711afc6aa77e9d99a57b91360ee3fd03722ecf1b054905a10?s=96&d=mm&r=g\"}}]}<\/script>\n<!-- \/ Yoast SEO plugin. -->","yoast_head_json":{"title":"Datenschutzrichtlinie - Pink Palace TV","robots":{"index":"index","follow":"follow","max-snippet":"max-snippet:-1","max-image-preview":"max-image-preview:large","max-video-preview":"max-video-preview:-1"},"canonical":"https:\/\/pinkpalacetv.com\/de\/privacy-policy\/","og_locale":"de_DE","og_type":"article","og_title":"Privacy Policy - Pink Palace TV","og_description":"Who we are Suggested text: Our website address is: https:\/\/pinkpalacetv.com. Comments When visitors leave comments on the site we collect the data shown in the comments form, and also the visitor\u2019s IP address and browser user agent string to help spam detection. An anonymized string created from your email address (also called a hash) may [&hellip;]","og_url":"https:\/\/pinkpalacetv.com\/de\/privacy-policy\/","og_site_name":"Pink Palace TV","article_modified_time":"2026-01-03T14:22:02+00:00","twitter_card":"summary_large_image","twitter_misc":{"Gesch\u00e4tzte Lesezeit":"7\u00a0Minuten"},"schema":{"@context":"https:\/\/schema.org","@graph":[{"@type":"WebPage","@id":"https:\/\/pinkpalacetv.com\/privacy-policy\/","url":"https:\/\/pinkpalacetv.com\/privacy-policy\/","name":"Datenschutzrichtlinie - Pink Palace TV","isPartOf":{"@id":"https:\/\/pinkpalacetv.com\/#website"},"datePublished":"2025-12-25T11:46:07+00:00","dateModified":"2026-01-03T14:22:02+00:00","breadcrumb":{"@id":"https:\/\/pinkpalacetv.com\/privacy-policy\/#breadcrumb"},"inLanguage":"de","potentialAction":[{"@type":"ReadAction","target":["https:\/\/pinkpalacetv.com\/privacy-policy\/"]}]},{"@type":"BreadcrumbList","@id":"https:\/\/pinkpalacetv.com\/privacy-policy\/#breadcrumb","itemListElement":[{"@type":"ListItem","position":1,"name":"Home","item":"https:\/\/pinkpalacetv.com\/"},{"@type":"ListItem","position":2,"name":"Privacy Policy"}]},{"@type":"WebSite","@id":"https:\/\/pinkpalacetv.com\/#website","url":"https:\/\/pinkpalacetv.com\/","name":"Livu","description":"","publisher":{"@id":"https:\/\/pinkpalacetv.com\/#\/schema\/person\/84cb5ff958a2feff4e9bcd58884c9c25"},"potentialAction":[{"@type":"SearchAction","target":{"@type":"EntryPoint","urlTemplate":"https:\/\/pinkpalacetv.com\/?s={search_term_string}"},"query-input":{"@type":"PropertyValueSpecification","valueRequired":true,"valueName":"search_term_string"}}],"inLanguage":"de"},{"@type":["Person","Organization"],"@id":"https:\/\/pinkpalacetv.com\/#\/schema\/person\/84cb5ff958a2feff4e9bcd58884c9c25","name":"hanni","image":{"@type":"ImageObject","inLanguage":"de","@id":"https:\/\/secure.gravatar.com\/avatar\/027f08cf21823cc711afc6aa77e9d99a57b91360ee3fd03722ecf1b054905a10?s=96&d=mm&r=g","url":"https:\/\/secure.gravatar.com\/avatar\/027f08cf21823cc711afc6aa77e9d99a57b91360ee3fd03722ecf1b054905a10?s=96&d=mm&r=g","contentUrl":"https:\/\/secure.gravatar.com\/avatar\/027f08cf21823cc711afc6aa77e9d99a57b91360ee3fd03722ecf1b054905a10?s=96&d=mm&r=g","caption":"hanni"},"logo":{"@id":"https:\/\/secure.gravatar.com\/avatar\/027f08cf21823cc711afc6aa77e9d99a57b91360ee3fd03722ecf1b054905a10?s=96&d=mm&r=g"}}]}},"_links":{"self":[{"href":"https:\/\/pinkpalacetv.com\/de\/wp-json\/wp\/v2\/pages\/3","targetHints":{"allow":["GET"]}}],"collection":[{"href":"https:\/\/pinkpalacetv.com\/de\/wp-json\/wp\/v2\/pages"}],"about":[{"href":"https:\/\/pinkpalacetv.com\/de\/wp-json\/wp\/v2\/types\/page"}],"author":[{"embeddable":true,"href":"https:\/\/pinkpalacetv.com\/de\/wp-json\/wp\/v2\/users\/2"}],"replies":[{"embeddable":true,"href":"https:\/\/pinkpalacetv.com\/de\/wp-json\/wp\/v2\/comments?post=3"}],"version-history":[{"count":2,"href":"https:\/\/pinkpalacetv.com\/de\/wp-json\/wp\/v2\/pages\/3\/revisions"}],"predecessor-version":[{"id":145,"href":"https:\/\/pinkpalacetv.com\/de\/wp-json\/wp\/v2\/pages\/3\/revisions\/145"}],"wp:attachment":[{"href":"https:\/\/pinkpalacetv.com\/de\/wp-json\/wp\/v2\/media?parent=3"}],"curies":[{"name":"wp","href":"https:\/\/api.w.org\/{rel}","templated":true}]}}